{"id":110,"date":"2015-12-02T22:16:37","date_gmt":"2015-12-02T21:16:37","guid":{"rendered":"http:\/\/tournicotitournicoton.fr\/wp0\/?page_id=110"},"modified":"2018-06-22T23:56:43","modified_gmt":"2018-06-22T21:56:43","slug":"signes-precoces","status":"publish","type":"page","link":"http:\/\/tournicotitournicoton.fr\/wp0\/index.php\/signes-precoces\/","title":{"rendered":"SIGNES PRECOCES"},"content":{"rendered":"<h1><strong>PRINCIPAUX SIGNAUX D&rsquo;ALERTE\u00a0POUR UN DIAGNOSTIC PRECOCE :<\/strong><\/h1>\n<h2><strong>Entre 0 et 1 an :<\/strong><\/h2>\n<ul>\n<li>\n<h3>absence de sourire social (en r\u00e9ponse au sourire du parent)<\/h3>\n<\/li>\n<li>\n<h3>ne tend pas les bras quand son parent s&rsquo;approche<\/h3>\n<\/li>\n<li>\n<h3>fuite du regard<\/h3>\n<\/li>\n<li>\n<h3>impression de surdit\u00e9<\/h3>\n<\/li>\n<li>\n<h3>ne vocalise pas<\/h3>\n<\/li>\n<li>\n<h3>absence d&rsquo;angoisse vis \u00e0 vis d&rsquo;une personne non famili\u00e8re<\/h3>\n<\/li>\n<\/ul>\n<h2><strong>Entre 1 an et 2 ans :<\/strong><\/h2>\n<ul>\n<li>\n<h3>absence d&rsquo;imitation et\u00a0de jeux symboliques (ex : dinette)<\/h3>\n<\/li>\n<li>\n<h3>absence de pointage du doigt pour d\u00e9signer quelque chose qui int\u00e9resse<\/h3>\n<\/li>\n<li>\n<h3>ne suit pas le regard de l&rsquo;adulte pour regarder la m\u00eame chose<\/h3>\n<\/li>\n<li>\n<h3>fascination tr\u00e8s importante pour la lumi\u00e8re, les mouvements (ex : objets qui tournent)<\/h3>\n<\/li>\n<li>\n<h3>mouvements r\u00e9p\u00e9titifs (st\u00e9r\u00e9otypies) du corps ou d&rsquo;une partie (tourner, se balancer, pianoter, remuer les mains\u00a0etc)<\/h3>\n<\/li>\n<\/ul>\n<h2><strong>Le premier signe d\u2019alerte reste\u00a0la pr\u00e9occupation des parents\u00a0face \u00e0 l\u2019absence de r\u00e9activit\u00e9 de leur enfant.<\/strong><\/h2>\n<p><em>Source : Association des Centres de Ressources Autisme<\/em><\/p>\n<p>&nbsp;<\/p>\n<h2><strong>Apr\u00e8s 2 ans :<\/strong><\/h2>\n<ul>\n<li>\n<h3>absence d&rsquo;int\u00e9r\u00eat pour les autres enfants<\/h3>\n<\/li>\n<li>\n<h3>absence ou pauvret\u00e9 des jeux<\/h3>\n<\/li>\n<li>\n<h3>langage dont l&rsquo;objet n&rsquo;est pas de communiquer ou d&rsquo;\u00e9changer, notamment les \u00e9cholalies (r\u00e9p\u00e9titions)<\/h3>\n<\/li>\n<li>\n<h3>attachement inhabituel \u00e0 des objets ou parties d&rsquo;objets<\/h3>\n<\/li>\n<li>\n<h3>insistance \u00e0 poursuivre les actes routiniers strictement et dans le d\u00e9tail<\/h3>\n<\/li>\n<li>\n<h3>inconsolable face au changement m\u00eame minime de l&rsquo;environnement<\/h3>\n<\/li>\n<li>\n<h3>utilisation de la main de l&rsquo;autre pour attraper des choses (\u00ab\u00a0main outil\u00a0\u00bb)<\/h3>\n<\/li>\n<li>\n<h3>troubles des apprentissages<\/h3>\n<\/li>\n<li>\n<h3>automutilation<\/h3>\n<\/li>\n<li>\n<h3>instabilit\u00e9 \u00e9motionnelle : \u00e9clats de rire ou crise de larmes sans que l&rsquo;on sache pourquoi<\/h3>\n<\/li>\n<li>\n<h3>absence de sens du danger ; insensibilit\u00e9 ou hypersensibilit\u00e9 \u00e0 la douleur ou aux sensations<\/h3>\n<\/li>\n<\/ul>\n<p><em>\u00a0Source : www.depistageautisme.com<\/em><\/p>\n<p>&nbsp;<\/p>\n<p>Pour nous,\u00a0l&rsquo;autisme peut \u00eatre r\u00e9gressif c&rsquo;est \u00e0 dire qu&rsquo;un enfant\u00a0peut avoir\u00a0un d\u00e9veloppement normal jusqu&rsquo;\u00e0 un certain \u00e2ge puis r\u00e9gresser\u00a0ensuite (nous connaissons des t\u00e9moignages qui abondent dans ce sens)\u00a0: changement de comportements, perte des apprentissages, perte du langage etc.<\/p>\n<p>&nbsp;<\/p>\n","protected":false},"excerpt":{"rendered":"<p>PRINCIPAUX SIGNAUX D&rsquo;ALERTE\u00a0POUR UN DIAGNOSTIC PRECOCE : Entre 0 et 1 an : absence de sourire social (en r\u00e9ponse au sourire du parent) ne tend pas les bras quand son parent s&rsquo;approche fuite du regard impression de surdit\u00e9 ne vocalise pas absence d&rsquo;angoisse vis \u00e0 vis d&rsquo;une personne non famili\u00e8re Entre 1 an et 2 [&hellip;]<\/p>\n","protected":false},"author":2,"featured_media":0,"parent":0,"menu_order":3,"comment_status":"closed","ping_status":"closed","template":"","meta":[],"_links":{"self":[{"href":"http:\/\/tournicotitournicoton.fr\/wp0\/index.php\/wp-json\/wp\/v2\/pages\/110"}],"collection":[{"href":"http:\/\/tournicotitournicoton.fr\/wp0\/index.php\/wp-json\/wp\/v2\/pages"}],"about":[{"href":"http:\/\/tournicotitournicoton.fr\/wp0\/index.php\/wp-json\/wp\/v2\/types\/page"}],"author":[{"embeddable":true,"href":"http:\/\/tournicotitournicoton.fr\/wp0\/index.php\/wp-json\/wp\/v2\/users\/2"}],"replies":[{"embeddable":true,"href":"http:\/\/tournicotitournicoton.fr\/wp0\/index.php\/wp-json\/wp\/v2\/comments?post=110"}],"version-history":[{"count":14,"href":"http:\/\/tournicotitournicoton.fr\/wp0\/index.php\/wp-json\/wp\/v2\/pages\/110\/revisions"}],"predecessor-version":[{"id":855,"href":"http:\/\/tournicotitournicoton.fr\/wp0\/index.php\/wp-json\/wp\/v2\/pages\/110\/revisions\/855"}],"wp:attachment":[{"href":"http:\/\/tournicotitournicoton.fr\/wp0\/index.php\/wp-json\/wp\/v2\/media?parent=110"}],"curies":[{"name":"wp","href":"https:\/\/api.w.org\/{rel}","templated":true}]}}