{"id":2,"date":"2015-10-15T17:09:50","date_gmt":"2015-10-15T16:09:50","guid":{"rendered":"http:\/\/tournicotitournicoton.fr\/wp0\/?page_id=2"},"modified":"2018-06-23T00:00:43","modified_gmt":"2018-06-22T22:00:43","slug":"page-d-exemple","status":"publish","type":"page","link":"https:\/\/tournicotitournicoton.fr\/wp0\/index.php\/page-d-exemple\/","title":{"rendered":"M\u00e9thode 3i"},"content":{"rendered":"<p>Nous avons choisi la m\u00e9thode 3i car c&rsquo;est la m\u00e9thode qui nous est apparue la mieux adapt\u00e9e \u00e0 Maxime.<\/p>\n<p>En effet, Maxime est tr\u00e8s r\u00e9ceptif au jeu et s&rsquo;int\u00e9resse \u00e0 beaucoup de choses.<\/p>\n<p>Nous appr\u00e9cions cette approche ludique et naturelle.<\/p>\n<p>Nous avons suivi cette m\u00e9thode pendant 2 ans. Nous ne regrettons pas notre choix car nous avons eu\u00a0besoin de l&rsquo;encadrement propos\u00e9 par l&rsquo;Association AEVE et\u00a0cela a permis \u00e0 notre fils de faire d&rsquo;\u00e9normes progr\u00e8s. Mais depuis le mois d&rsquo;octobre 2017, nous avons opt\u00e9 pour le \u00ab\u00a0Son Rise Program\u00a0\u00bb, approche existant depuis une quarantaine d&rsquo;ann\u00e9es aux U.S.A et\u00a0dont s&rsquo;est inspir\u00e9 les 3i.<\/p>\n<p>&nbsp;<\/p>\n<p><strong>La m\u00e9thode 3i (Individuelle, Interactive, Intensive)<\/strong><\/p>\n<p>La formule des 3i a \u00e9t\u00e9 mise au point par Catherine de La Presle, professeur d&rsquo;histoire \u00e0 la retraite ; elle s&rsquo;est int\u00e9ress\u00e9e \u00e0 ce trouble envahissant du d\u00e9veloppement, lorsque son petit-fils a \u00e9t\u00e9 diagnostiqu\u00e9 autiste. Partie se former aux \u00c9tats-Unis, elle en est revenue avec une adaptation de la m\u00e9thode Son-Rise.<\/p>\n<p>Mme de La Presle a ensuite cr\u00e9e l&rsquo;association<strong> Autisme Espoir Vers l\u2019Ecole<\/strong> (association loi 1901 d\u2019int\u00e9r\u00eat g\u00e9n\u00e9ral sans but lucratif) en 2005 suite \u00e0 l&rsquo;exp\u00e9rience r\u00e9ussie avec son petit fils.<\/p>\n<p>La cl\u00e9 des 3i repose sur la <strong>stimulation par le jeu<\/strong>. \u00ab On part du principe que l&rsquo;enfant autiste est hyperstimul\u00e9 par tout ce qui est sensoriel. Il pr\u00e9sente en revanche un retard de d\u00e9veloppement important qui se traduit par un d\u00e9calage au niveau de la motricit\u00e9 ou du langage \u00bb, explique Pauline Lahutte.<\/p>\n<p>Un des principes fondateurs de l&rsquo;approche est de <strong>cr\u00e9er au domicile de l&rsquo;enfant une salle de jeu<\/strong>, et d&rsquo;apporter progressivement dans ce cocon tous les \u00e9l\u00e9ments pour l&rsquo;\u00e9veiller au monde. Les phases ludiques sont dispens\u00e9es par des <strong>b\u00e9n\u00e9voles form\u00e9s par l&rsquo;association AEVE et supervis\u00e9s par une psychologue agr\u00e9e<\/strong>, \u00e0 raison de six heures par jour.<\/p>\n<p>Son but est d\u2019amener, par une p\u00e9dagogie \u00e9ducative intensive des enfants diagnostiqu\u00e9s autistes \u00e0 une vie sociale et scolaire aussi normales que possible. Ceci pendant une dur\u00e9e de 2 \u00e0 3 ans, le temps que l\u2019enfant s\u2019\u00e9veille et passe par <strong>les phases du d\u00e9veloppement <\/strong>du petit de 0 \u00e0 3 ans qu\u2019il a occult\u00e9es.<\/p>\n<p>Cette m\u00e9thode des 3i est une<strong> m\u00e9thode d\u00e9veloppementale<\/strong> qui s\u2019adapte \u00e0 tous les enfants quelque soit le niveau et la forme de leur trouble de d\u00e9veloppement : <strong>elle respecte avant tout le rythme d\u2019\u00e9veil de chaque enfant<\/strong>.<br \/>\nPour plus de pr\u00e9cisions, vous pouvez consulter le site de\u00a0l&rsquo;association AEVE :<\/p>\n<p><a href=\"http:\/\/www.autisme-espoir.org\/\" target=\"_blank\" rel=\"noopener noreferrer\">www.autisme-espoir.org<\/a><\/p>\n","protected":false},"excerpt":{"rendered":"<p>Nous avons choisi la m\u00e9thode 3i car c&rsquo;est la m\u00e9thode qui nous est apparue la mieux adapt\u00e9e \u00e0 Maxime. En effet, Maxime est tr\u00e8s r\u00e9ceptif au jeu et s&rsquo;int\u00e9resse \u00e0 beaucoup de choses. Nous appr\u00e9cions cette approche ludique et naturelle. Nous avons suivi cette m\u00e9thode pendant 2 ans. Nous ne regrettons pas notre choix car [&hellip;]<\/p>\n","protected":false},"author":1,"featured_media":0,"parent":0,"menu_order":10,"comment_status":"closed","ping_status":"open","template":"","meta":[],"_links":{"self":[{"href":"https:\/\/tournicotitournicoton.fr\/wp0\/index.php\/wp-json\/wp\/v2\/pages\/2"}],"collection":[{"href":"https:\/\/tournicotitournicoton.fr\/wp0\/index.php\/wp-json\/wp\/v2\/pages"}],"about":[{"href":"https:\/\/tournicotitournicoton.fr\/wp0\/index.php\/wp-json\/wp\/v2\/types\/page"}],"author":[{"embeddable":true,"href":"https:\/\/tournicotitournicoton.fr\/wp0\/index.php\/wp-json\/wp\/v2\/users\/1"}],"replies":[{"embeddable":true,"href":"https:\/\/tournicotitournicoton.fr\/wp0\/index.php\/wp-json\/wp\/v2\/comments?post=2"}],"version-history":[{"count":17,"href":"https:\/\/tournicotitournicoton.fr\/wp0\/index.php\/wp-json\/wp\/v2\/pages\/2\/revisions"}],"predecessor-version":[{"id":827,"href":"https:\/\/tournicotitournicoton.fr\/wp0\/index.php\/wp-json\/wp\/v2\/pages\/2\/revisions\/827"}],"wp:attachment":[{"href":"https:\/\/tournicotitournicoton.fr\/wp0\/index.php\/wp-json\/wp\/v2\/media?parent=2"}],"curies":[{"name":"wp","href":"https:\/\/api.w.org\/{rel}","templated":true}]}}