{"id":34,"date":"2015-10-19T00:28:27","date_gmt":"2015-10-18T23:28:27","guid":{"rendered":"http:\/\/tournicotitournicoton.fr\/wp0\/?page_id=34"},"modified":"2017-06-26T21:51:26","modified_gmt":"2017-06-26T20:51:26","slug":"presse","status":"publish","type":"page","link":"https:\/\/tournicotitournicoton.fr\/wp0\/index.php\/presse\/","title":{"rendered":"Presse"},"content":{"rendered":"<p>Le T\u00e9l\u00e9gramme &#8211; 26 janvier 2017 &#8211; Saint Brieuc<\/p>\n<p><a href=\"http:\/\/tournicotitournicoton.fr\/wp0\/wp-content\/uploads\/2017\/03\/article-t\u00e9l\u00e9gramme-2017.jpg\"><img decoding=\"async\" loading=\"lazy\" class=\"alignnone wp-image-390\" src=\"http:\/\/tournicotitournicoton.fr\/wp0\/wp-content\/uploads\/2017\/03\/article-t\u00e9l\u00e9gramme-2017-184x300.jpg\" alt=\"\" width=\"432\" height=\"704\" srcset=\"https:\/\/tournicotitournicoton.fr\/wp0\/wp-content\/uploads\/2017\/03\/article-t\u00e9l\u00e9gramme-2017-184x300.jpg 184w, https:\/\/tournicotitournicoton.fr\/wp0\/wp-content\/uploads\/2017\/03\/article-t\u00e9l\u00e9gramme-2017-768x1251.jpg 768w, https:\/\/tournicotitournicoton.fr\/wp0\/wp-content\/uploads\/2017\/03\/article-t\u00e9l\u00e9gramme-2017-629x1024.jpg 629w, https:\/\/tournicotitournicoton.fr\/wp0\/wp-content\/uploads\/2017\/03\/article-t\u00e9l\u00e9gramme-2017.jpg 1258w\" sizes=\"(max-width: 432px) 100vw, 432px\" \/><\/a><\/p>\n<p>http:\/\/www.letelegramme.fr\/cotes-darmor\/saint-brieuc\/autisme-maxime-progresse-avec-ses-compagnons-de-jeu-26-01-2017-11376919.php?share_auth=a6e8f7e72f5f69296bf6200adf21570b#closePopUp<\/p>\n<p>&nbsp;<\/p>\n<p>&nbsp;<\/p>\n<p><a href=\"http:\/\/www.letelegramme.fr\/cotes-darmor\/saint-brieuc\/autisme-l-appel-des-parents-de-maxime-08-09-2015-10765734.php\">Le Telegramme &#8211; 8 septembre 2015 &#8211; Saint Brieuc<\/a><\/p>\n<p><a href=\"http:\/\/tournicotitournicoton.fr\/wp0\/wp-content\/uploads\/2015\/10\/Maxime-T\u00e9l\u00e9gramme.jpg\"><img decoding=\"async\" loading=\"lazy\" class=\"alignnone wp-image-327\" src=\"http:\/\/tournicotitournicoton.fr\/wp0\/wp-content\/uploads\/2015\/10\/Maxime-T\u00e9l\u00e9gramme-214x300.jpg\" alt=\"maxime-telegramme\" width=\"233\" height=\"327\" srcset=\"https:\/\/tournicotitournicoton.fr\/wp0\/wp-content\/uploads\/2015\/10\/Maxime-T\u00e9l\u00e9gramme-214x300.jpg 214w, https:\/\/tournicotitournicoton.fr\/wp0\/wp-content\/uploads\/2015\/10\/Maxime-T\u00e9l\u00e9gramme-768x1078.jpg 768w, https:\/\/tournicotitournicoton.fr\/wp0\/wp-content\/uploads\/2015\/10\/Maxime-T\u00e9l\u00e9gramme-730x1024.jpg 730w, https:\/\/tournicotitournicoton.fr\/wp0\/wp-content\/uploads\/2015\/10\/Maxime-T\u00e9l\u00e9gramme.jpg 1537w\" sizes=\"(max-width: 233px) 100vw, 233px\" \/><\/a><\/p>\n<h2 class=\"description\">Autisme. L&rsquo;appel des parents de Maxime<\/h2>\n<p><a href=\"http:\/\/tournicotitournicoton.fr\/wp0\/wp-content\/uploads\/2015\/10\/leTelegramm_8sept2015_audrey-et-fabrice-les-parents-de-maxime-comptent-sur-la_2521420.jpg\"><img decoding=\"async\" loading=\"lazy\" class=\"alignnone size-medium wp-image-38\" src=\"http:\/\/tournicotitournicoton.fr\/wp0\/wp-content\/uploads\/2015\/10\/leTelegramm_8sept2015_audrey-et-fabrice-les-parents-de-maxime-comptent-sur-la_2521420-300x161.jpg\" alt=\"leTelegramm_8sept2015_audrey-et-fabrice-les-parents-de-maxime-comptent-sur-la_2521420\" width=\"300\" height=\"161\" srcset=\"https:\/\/tournicotitournicoton.fr\/wp0\/wp-content\/uploads\/2015\/10\/leTelegramm_8sept2015_audrey-et-fabrice-les-parents-de-maxime-comptent-sur-la_2521420-300x161.jpg 300w, https:\/\/tournicotitournicoton.fr\/wp0\/wp-content\/uploads\/2015\/10\/leTelegramm_8sept2015_audrey-et-fabrice-les-parents-de-maxime-comptent-sur-la_2521420.jpg 1000w\" sizes=\"(max-width: 300px) 100vw, 300px\" \/><\/a><\/p>\n<blockquote><p>Pour faire avancer leur petit gar\u00e7on de 2 ans et demi, atteint d&rsquo;autisme, ses parents, qui r\u00e9sident \u00e0 Saint-Brieuc, veulent mettre en place une m\u00e9thode bas\u00e9e sur le jeu, qui n\u00e9cessite de nombreux b\u00e9n\u00e9voles. Ils lancent un appel.<\/p>\n<p><a href=\"http:\/\/www.letelegramme.fr\/cotes-darmor\/saint-brieuc\/autisme-l-appel-des-parents-de-maxime-08-09-2015-10765734.php\">http:\/\/www.letelegramme.fr\/cotes-darmor\/saint-brieuc\/autisme-l-appel-des-parents-de-maxime-08-09-2015-10765734.php<\/a><\/p><\/blockquote>\n<hr \/>\n<p><a href=\"http:\/\/www.ouest-france.fr\/saint-brieuc-les-parents-de-maxime-autiste-recherchent-des-benevoles-3652286\">Ouest France &#8211; 3 septembre 2015 &#8211; Saint Brieuc<\/a><\/p>\n<h2 class=\"description\">Saint-Brieuc. Les parents de Maxime, autiste, recherchent des b\u00e9n\u00e9voles<\/h2>\n<p><a href=\"http:\/\/tournicotitournicoton.fr\/wp0\/wp-content\/uploads\/2015\/10\/ouest-france_3sept2015_les-parents-de-maxime-autiste-recherchent-des-benevoles.jpg\"><img decoding=\"async\" loading=\"lazy\" class=\"alignnone size-medium wp-image-35\" src=\"http:\/\/tournicotitournicoton.fr\/wp0\/wp-content\/uploads\/2015\/10\/ouest-france_3sept2015_les-parents-de-maxime-autiste-recherchent-des-benevoles-300x169.jpg\" alt=\"ouest-france_3sept2015_les-parents-de-maxime-autiste-recherchent-des-benevoles\" width=\"300\" height=\"169\" srcset=\"https:\/\/tournicotitournicoton.fr\/wp0\/wp-content\/uploads\/2015\/10\/ouest-france_3sept2015_les-parents-de-maxime-autiste-recherchent-des-benevoles-300x169.jpg 300w, https:\/\/tournicotitournicoton.fr\/wp0\/wp-content\/uploads\/2015\/10\/ouest-france_3sept2015_les-parents-de-maxime-autiste-recherchent-des-benevoles.jpg 640w\" sizes=\"(max-width: 300px) 100vw, 300px\" \/><\/a><\/p>\n<blockquote><p>\u00c0 deux et demi, Maxime est dans sa bulle d\u2019enfant autiste. Il va b\u00e9n\u00e9ficier d\u2019une m\u00e9thode bas\u00e9e sur le jeu qui n\u00e9cessite des b\u00e9n\u00e9voles. Ses parents lancent un appel.<\/p><\/blockquote>\n<p><a href=\"http:\/\/www.ouest-france.fr\/bretagne\/saint-brieuc-22000\/saint-brieuc-les-parents-de-maxime-autiste-recherchent-des-benevoles-3652286\">http:\/\/www.ouest-france.fr\/bretagne\/saint-brieuc-22000\/saint-brieuc-les-parents-de-maxime-autiste-recherchent-des-benevoles-3652286<\/a><\/p>\n<p>&nbsp;<\/p>\n<p>Le Penthi\u00e8vre &#8211; 3 septembre 2015<\/p>\n<p><a href=\"http:\/\/tournicotitournicoton.fr\/wp0\/wp-content\/uploads\/2016\/12\/Penthievre-Copie.jpg\"><img decoding=\"async\" loading=\"lazy\" class=\"alignnone wp-image-331\" src=\"http:\/\/tournicotitournicoton.fr\/wp0\/wp-content\/uploads\/2016\/12\/Penthievre-Copie-296x300.jpg\" alt=\"penthievre-copie\" width=\"467\" height=\"473\" srcset=\"https:\/\/tournicotitournicoton.fr\/wp0\/wp-content\/uploads\/2016\/12\/Penthievre-Copie-296x300.jpg 296w, https:\/\/tournicotitournicoton.fr\/wp0\/wp-content\/uploads\/2016\/12\/Penthievre-Copie-768x779.jpg 768w, https:\/\/tournicotitournicoton.fr\/wp0\/wp-content\/uploads\/2016\/12\/Penthievre-Copie-1010x1024.jpg 1010w, https:\/\/tournicotitournicoton.fr\/wp0\/wp-content\/uploads\/2016\/12\/Penthievre-Copie.jpg 1453w\" sizes=\"(max-width: 467px) 100vw, 467px\" \/><\/a><\/p>\n","protected":false},"excerpt":{"rendered":"<p>Le T\u00e9l\u00e9gramme &#8211; 26 janvier 2017 &#8211; Saint Brieuc http:\/\/www.letelegramme.fr\/cotes-darmor\/saint-brieuc\/autisme-maxime-progresse-avec-ses-compagnons-de-jeu-26-01-2017-11376919.php?share_auth=a6e8f7e72f5f69296bf6200adf21570b#closePopUp &nbsp; &nbsp; Le Telegramme &#8211; 8 septembre 2015 &#8211; Saint Brieuc Autisme. L&rsquo;appel des parents de Maxime Pour faire avancer leur petit gar\u00e7on de 2 ans et demi, atteint d&rsquo;autisme, ses parents, qui r\u00e9sident \u00e0 Saint-Brieuc, veulent mettre en place une m\u00e9thode bas\u00e9e sur le [&hellip;]<\/p>\n","protected":false},"author":1,"featured_media":0,"parent":0,"menu_order":1,"comment_status":"closed","ping_status":"closed","template":"","meta":[],"_links":{"self":[{"href":"https:\/\/tournicotitournicoton.fr\/wp0\/index.php\/wp-json\/wp\/v2\/pages\/34"}],"collection":[{"href":"https:\/\/tournicotitournicoton.fr\/wp0\/index.php\/wp-json\/wp\/v2\/pages"}],"about":[{"href":"https:\/\/tournicotitournicoton.fr\/wp0\/index.php\/wp-json\/wp\/v2\/types\/page"}],"author":[{"embeddable":true,"href":"https:\/\/tournicotitournicoton.fr\/wp0\/index.php\/wp-json\/wp\/v2\/users\/1"}],"replies":[{"embeddable":true,"href":"https:\/\/tournicotitournicoton.fr\/wp0\/index.php\/wp-json\/wp\/v2\/comments?post=34"}],"version-history":[{"count":13,"href":"https:\/\/tournicotitournicoton.fr\/wp0\/index.php\/wp-json\/wp\/v2\/pages\/34\/revisions"}],"predecessor-version":[{"id":399,"href":"https:\/\/tournicotitournicoton.fr\/wp0\/index.php\/wp-json\/wp\/v2\/pages\/34\/revisions\/399"}],"wp:attachment":[{"href":"https:\/\/tournicotitournicoton.fr\/wp0\/index.php\/wp-json\/wp\/v2\/media?parent=34"}],"curies":[{"name":"wp","href":"https:\/\/api.w.org\/{rel}","templated":true}]}}