{"id":427,"date":"2017-03-23T23:05:43","date_gmt":"2017-03-23T22:05:43","guid":{"rendered":"http:\/\/tournicotitournicoton.fr\/wp0\/?page_id=427"},"modified":"2018-06-23T00:25:10","modified_gmt":"2018-06-22T22:25:10","slug":"collecte","status":"publish","type":"page","link":"https:\/\/tournicotitournicoton.fr\/wp0\/index.php\/collecte\/","title":{"rendered":"Son Rise Program"},"content":{"rendered":"<h2>R\u00e9f\u00e9rences :<\/h2>\n<p><a href=\"http:\/\/tournicotitournicoton.fr\/wp0\/wp-content\/uploads\/2018\/06\/livre-SRP.jpg\"><img decoding=\"async\" loading=\"lazy\" class=\"alignnone wp-image-838\" src=\"http:\/\/tournicotitournicoton.fr\/wp0\/wp-content\/uploads\/2018\/06\/livre-SRP-195x300.jpg\" alt=\"\" width=\"341\" height=\"525\" srcset=\"https:\/\/tournicotitournicoton.fr\/wp0\/wp-content\/uploads\/2018\/06\/livre-SRP-195x300.jpg 195w, https:\/\/tournicotitournicoton.fr\/wp0\/wp-content\/uploads\/2018\/06\/livre-SRP-768x1183.jpg 768w, https:\/\/tournicotitournicoton.fr\/wp0\/wp-content\/uploads\/2018\/06\/livre-SRP-665x1024.jpg 665w, https:\/\/tournicotitournicoton.fr\/wp0\/wp-content\/uploads\/2018\/06\/livre-SRP.jpg 1000w\" sizes=\"(max-width: 341px) 100vw, 341px\" \/><\/a><\/p>\n<p><a href=\"http:\/\/tournicotitournicoton.fr\/wp0\/wp-content\/uploads\/2018\/06\/Livre-SRP-2.jpg\"><img decoding=\"async\" loading=\"lazy\" class=\"alignnone wp-image-843\" src=\"http:\/\/tournicotitournicoton.fr\/wp0\/wp-content\/uploads\/2018\/06\/Livre-SRP-2-224x300.jpg\" alt=\"\" width=\"340\" height=\"455\" srcset=\"https:\/\/tournicotitournicoton.fr\/wp0\/wp-content\/uploads\/2018\/06\/Livre-SRP-2-224x300.jpg 224w, https:\/\/tournicotitournicoton.fr\/wp0\/wp-content\/uploads\/2018\/06\/Livre-SRP-2-768x1030.jpg 768w, https:\/\/tournicotitournicoton.fr\/wp0\/wp-content\/uploads\/2018\/06\/Livre-SRP-2-764x1024.jpg 764w, https:\/\/tournicotitournicoton.fr\/wp0\/wp-content\/uploads\/2018\/06\/Livre-SRP-2.jpg 1108w\" sizes=\"(max-width: 340px) 100vw, 340px\" \/><\/a><\/p>\n<p><a href=\"http:\/\/tournicotitournicoton.fr\/wp0\/wp-content\/uploads\/2018\/06\/Livre-le-quotidien-avec-un-enfant-autiste.jpg\"><img decoding=\"async\" loading=\"lazy\" class=\"alignnone wp-image-844\" src=\"http:\/\/tournicotitournicoton.fr\/wp0\/wp-content\/uploads\/2018\/06\/Livre-le-quotidien-avec-un-enfant-autiste-214x300.jpg\" alt=\"\" width=\"329\" height=\"461\" srcset=\"https:\/\/tournicotitournicoton.fr\/wp0\/wp-content\/uploads\/2018\/06\/Livre-le-quotidien-avec-un-enfant-autiste-214x300.jpg 214w, https:\/\/tournicotitournicoton.fr\/wp0\/wp-content\/uploads\/2018\/06\/Livre-le-quotidien-avec-un-enfant-autiste-768x1077.jpg 768w, https:\/\/tournicotitournicoton.fr\/wp0\/wp-content\/uploads\/2018\/06\/Livre-le-quotidien-avec-un-enfant-autiste-730x1024.jpg 730w, https:\/\/tournicotitournicoton.fr\/wp0\/wp-content\/uploads\/2018\/06\/Livre-le-quotidien-avec-un-enfant-autiste.jpg 1161w\" sizes=\"(max-width: 329px) 100vw, 329px\" \/><\/a> <a href=\"http:\/\/tournicotitournicoton.fr\/wp0\/wp-content\/uploads\/2018\/06\/Livre-le-quotidien-avec-un-enfant-autiste-2.jpg\"><img decoding=\"async\" loading=\"lazy\" class=\"alignnone wp-image-845\" src=\"http:\/\/tournicotitournicoton.fr\/wp0\/wp-content\/uploads\/2018\/06\/Livre-le-quotidien-avec-un-enfant-autiste-2-210x300.jpg\" alt=\"\" width=\"321\" height=\"459\" srcset=\"https:\/\/tournicotitournicoton.fr\/wp0\/wp-content\/uploads\/2018\/06\/Livre-le-quotidien-avec-un-enfant-autiste-2-210x300.jpg 210w, https:\/\/tournicotitournicoton.fr\/wp0\/wp-content\/uploads\/2018\/06\/Livre-le-quotidien-avec-un-enfant-autiste-2-768x1096.jpg 768w, https:\/\/tournicotitournicoton.fr\/wp0\/wp-content\/uploads\/2018\/06\/Livre-le-quotidien-avec-un-enfant-autiste-2-717x1024.jpg 717w, https:\/\/tournicotitournicoton.fr\/wp0\/wp-content\/uploads\/2018\/06\/Livre-le-quotidien-avec-un-enfant-autiste-2.jpg 1161w\" sizes=\"(max-width: 321px) 100vw, 321px\" \/><\/a><\/p>\n<p>&nbsp;<\/p>\n<h3>Formations au Son Rise Program : se renseigner aupr\u00e8s de l&rsquo;Association Optimautisme : http:\/\/optimautisme.com\/index.php<\/h3>\n<p>&nbsp;<\/p>\n<p><strong>Collecte pour Maxime (jusqu&rsquo;au 15 mai 2017)<\/strong><\/p>\n<p>Touch\u00e9 par l&rsquo;autisme et convaincu par les bienfaits des m\u00e9thodes d\u00e9veloppementales, nous cheminons sur cette voie depuis plus d&rsquo;un an afin d&rsquo;aider notre fils Maxime \u00e2g\u00e9 de 4 ans.<\/p>\n<p>Cette premi\u00e8re formation \u00ab\u00a0Son-Rise Program Start-Up\u00a0\u00bb de 5 jours organis\u00e9e en France par l&rsquo;association \u00ab\u00a0Optim&rsquo;Autisme\u00a0\u00bb au mois de mai prochain est une v\u00e9ritable chance pour tous les parents d\u00e9sireux d&rsquo;offrir une nouvelle alternative \u00e0 leur enfant.<\/p>\n<p>Cette chance a n\u00e9anmoins un co\u00fbt qui s&rsquo;ajoute \u00e0 l&rsquo;ensemble des frais de prise en charge de notre enfant.<\/p>\n<p>Un grand merci \u00e0 tous ceux qui nous aiderons \u00e0 participer \u00e0 cette formation.<\/p>\n<p>Vos dons sont directement vers\u00e9s \u00e0 l&rsquo;association \u00ab\u00a0Optim&rsquo;Autisme\u00a0\u00bb et vous ouvrent droit \u00e0 une r\u00e9duction fiscale. Par exemple, Un don de 30 \u20ac (pour un particulier) ne co\u00fbte en r\u00e9alit\u00e9 que 10,20 \u20ac apr\u00e8s d\u00e9duction fiscale et un don de 100 \u20ac (pour une entreprise) ne co\u00fbte en r\u00e9alit\u00e9 que 40 \u20ac apr\u00e8s d\u00e9duction fiscale.<\/p>\n<p>Tous ensemble, Aidons Maxime.<\/p>\n<p><a href=\"https:\/\/www.helloasso.com\/utilisateurs\/lecomte-fabrice\/collectes\/aidons-maxime\">https:\/\/www.helloasso.com\/utilisateurs\/lecomte-fabrice\/collectes\/aidons-maxime<\/a><\/p>\n<p><a href=\"http:\/\/tournicotitournicoton.fr\/wp0\/wp-content\/uploads\/2017\/03\/Maxime280516.jpg\"><img decoding=\"async\" loading=\"lazy\" class=\"alignnone wp-image-431\" src=\"http:\/\/tournicotitournicoton.fr\/wp0\/wp-content\/uploads\/2017\/03\/Maxime280516-246x300.jpg\" alt=\"\" width=\"293\" height=\"357\" srcset=\"https:\/\/tournicotitournicoton.fr\/wp0\/wp-content\/uploads\/2017\/03\/Maxime280516-246x300.jpg 246w, https:\/\/tournicotitournicoton.fr\/wp0\/wp-content\/uploads\/2017\/03\/Maxime280516-768x936.jpg 768w, https:\/\/tournicotitournicoton.fr\/wp0\/wp-content\/uploads\/2017\/03\/Maxime280516-840x1024.jpg 840w, https:\/\/tournicotitournicoton.fr\/wp0\/wp-content\/uploads\/2017\/03\/Maxime280516.jpg 1465w\" sizes=\"(max-width: 293px) 100vw, 293px\" \/><\/a><\/p>\n","protected":false},"excerpt":{"rendered":"<p>R\u00e9f\u00e9rences : &nbsp; Formations au Son Rise Program : se renseigner aupr\u00e8s de l&rsquo;Association Optimautisme : http:\/\/optimautisme.com\/index.php &nbsp; Collecte pour Maxime (jusqu&rsquo;au 15 mai 2017) Touch\u00e9 par l&rsquo;autisme et convaincu par les bienfaits des m\u00e9thodes d\u00e9veloppementales, nous cheminons sur cette voie depuis plus d&rsquo;un an afin d&rsquo;aider notre fils Maxime \u00e2g\u00e9 de 4 ans. Cette [&hellip;]<\/p>\n","protected":false},"author":2,"featured_media":0,"parent":0,"menu_order":9,"comment_status":"closed","ping_status":"closed","template":"","meta":[],"_links":{"self":[{"href":"https:\/\/tournicotitournicoton.fr\/wp0\/index.php\/wp-json\/wp\/v2\/pages\/427"}],"collection":[{"href":"https:\/\/tournicotitournicoton.fr\/wp0\/index.php\/wp-json\/wp\/v2\/pages"}],"about":[{"href":"https:\/\/tournicotitournicoton.fr\/wp0\/index.php\/wp-json\/wp\/v2\/types\/page"}],"author":[{"embeddable":true,"href":"https:\/\/tournicotitournicoton.fr\/wp0\/index.php\/wp-json\/wp\/v2\/users\/2"}],"replies":[{"embeddable":true,"href":"https:\/\/tournicotitournicoton.fr\/wp0\/index.php\/wp-json\/wp\/v2\/comments?post=427"}],"version-history":[{"count":12,"href":"https:\/\/tournicotitournicoton.fr\/wp0\/index.php\/wp-json\/wp\/v2\/pages\/427\/revisions"}],"predecessor-version":[{"id":873,"href":"https:\/\/tournicotitournicoton.fr\/wp0\/index.php\/wp-json\/wp\/v2\/pages\/427\/revisions\/873"}],"wp:attachment":[{"href":"https:\/\/tournicotitournicoton.fr\/wp0\/index.php\/wp-json\/wp\/v2\/media?parent=427"}],"curies":[{"name":"wp","href":"https:\/\/api.w.org\/{rel}","templated":true}]}}